{"id":8917,"date":"2022-04-14T11:08:24","date_gmt":"2022-04-14T14:08:24","guid":{"rendered":"https:\/\/agro.sansuy.com.br\/?page_id=8917"},"modified":"2025-05-23T11:40:58","modified_gmt":"2025-05-23T14:40:58","slug":"onde-encontrar-sua-vinilona","status":"publish","type":"page","link":"https:\/\/agro.sansuy.com.br\/en\/onde-encontrar-sua-vinilona\/","title":{"rendered":"Where to Find Your Truckload Coverage"},"content":{"rendered":"<div data-elementor-type=\"wp-page\" data-elementor-id=\"8917\" class=\"elementor elementor-8917\">\n\t\t\t\t\t\t<section class=\"elementor-section elementor-top-section elementor-element elementor-element-de507bf elementor-section-full_width elementor-section-stretched elementor-section-height-default elementor-section-height-default\" data-id=\"de507bf\" data-element_type=\"section\" data-settings=\"{&quot;stretch_section&quot;:&quot;section-stretched&quot;}\">\n\t\t\t\t\t\t<div class=\"elementor-container elementor-column-gap-no\">\n\t\t\t\t\t<div class=\"elementor-column elementor-col-100 elementor-top-column elementor-element elementor-element-f598698\" data-id=\"f598698\" data-element_type=\"column\">\n\t\t\t<div class=\"elementor-widget-wrap elementor-element-populated\">\n\t\t\t\t\t\t<div class=\"elementor-element elementor-element-824dc0d elementor-widget elementor-widget-menu-anchor\" data-id=\"824dc0d\" data-element_type=\"widget\" data-widget_type=\"menu-anchor.default\">\n\t\t\t\t<div class=\"elementor-widget-container\">\n\t\t\t\t\t<div class=\"elementor-menu-anchor\" id=\"ondeencontrar\"><\/div>\n\t\t\t\t<\/div>\n\t\t\t\t<\/div>\n\t\t\t\t<div class=\"elementor-element elementor-element-48187c5 elementor-widget elementor-widget-html\" data-id=\"48187c5\" data-element_type=\"widget\" data-widget_type=\"html.default\">\n\t\t\t\t<div class=\"elementor-widget-container\">\n\t\t\t<iframe id=\"gofind-iframe\" frameborder=\"0\" src=\"https:\/\/vinilona.pertinhodemim.com\" width=\"100%\"\r\nstyle=\"min-height:600px;border:1px solid #f2f2f2;\" allow=\"geolocation\"><\/iframe>\t\t<\/div>\n\t\t\t\t<\/div>\n\t\t\t\t\t<\/div>\n\t\t<\/div>\n\t\t\t\t\t<\/div>\n\t\t<\/section>\n\t\t\t\t<\/div>","protected":false},"excerpt":{"rendered":"","protected":false},"author":6,"featured_media":0,"parent":0,"menu_order":0,"comment_status":"closed","ping_status":"closed","template":"","meta":{"footnotes":""},"class_list":["post-8917","page","type-page","status-publish","hentry"],"yoast_head":"<!-- This site is optimized with the Yoast SEO plugin v22.7 - https:\/\/yoast.com\/wordpress\/plugins\/seo\/ -->\n<title>Onde encontrar sua Vinilona - Agro - Sansuy<\/title>\n<meta name=\"description\" content=\"Acesse o nosso localizador e veja onde encontrar sua Vinilona.\" \/>\n<meta name=\"robots\" content=\"index, follow, max-snippet:-1, max-image-preview:large, max-video-preview:-1\" \/>\n<link rel=\"canonical\" href=\"https:\/\/agro.sansuy.com.br\/en\/onde-encontrar-sua-vinilona\/\" \/>\n<meta property=\"og:locale\" content=\"en_US\" \/>\n<meta property=\"og:type\" content=\"article\" \/>\n<meta property=\"og:title\" content=\"Onde encontrar sua Vinilona - Agro - Sansuy\" \/>\n<meta property=\"og:description\" content=\"Acesse o nosso localizador e veja onde encontrar sua Vinilona.\" \/>\n<meta property=\"og:url\" content=\"https:\/\/agro.sansuy.com.br\/en\/onde-encontrar-sua-vinilona\/\" \/>\n<meta property=\"og:site_name\" content=\"Agro - Sansuy\" \/>\n<meta property=\"article:publisher\" content=\"https:\/\/www.facebook.com\/agro.sansuy\" \/>\n<meta property=\"article:modified_time\" content=\"2025-05-23T14:40:58+00:00\" \/>\n<meta name=\"twitter:card\" content=\"summary_large_image\" \/>\n<meta name=\"twitter:site\" content=\"@sansuy_oficial\" \/>\n<!-- \/ Yoast SEO plugin. -->","yoast_head_json":{"title":"Onde encontrar sua Vinilona - Agro - Sansuy","description":"Acesse o nosso localizador e veja onde encontrar sua Vinilona.","robots":{"index":"index","follow":"follow","max-snippet":"max-snippet:-1","max-image-preview":"max-image-preview:large","max-video-preview":"max-video-preview:-1"},"canonical":"https:\/\/agro.sansuy.com.br\/en\/onde-encontrar-sua-vinilona\/","og_locale":"en_US","og_type":"article","og_title":"Onde encontrar sua Vinilona - Agro - Sansuy","og_description":"Acesse o nosso localizador e veja onde encontrar sua Vinilona.","og_url":"https:\/\/agro.sansuy.com.br\/en\/onde-encontrar-sua-vinilona\/","og_site_name":"Agro - Sansuy","article_publisher":"https:\/\/www.facebook.com\/agro.sansuy","article_modified_time":"2025-05-23T14:40:58+00:00","twitter_card":"summary_large_image","twitter_site":"@sansuy_oficial","schema":{"@context":"https:\/\/schema.org","@graph":[{"@type":"WebPage","@id":"https:\/\/agro.sansuy.com.br\/onde-encontrar-sua-vinilona\/","url":"https:\/\/agro.sansuy.com.br\/onde-encontrar-sua-vinilona\/","name":"Onde encontrar sua Vinilona - Agro - Sansuy","isPartOf":{"@id":"https:\/\/agro.sansuy.com.br\/#website"},"datePublished":"2022-04-14T14:08:24+00:00","dateModified":"2025-05-23T14:40:58+00:00","description":"Acesse o nosso localizador e veja onde encontrar sua Vinilona.","breadcrumb":{"@id":"https:\/\/agro.sansuy.com.br\/onde-encontrar-sua-vinilona\/#breadcrumb"},"inLanguage":"en-US","potentialAction":[{"@type":"ReadAction","target":["https:\/\/agro.sansuy.com.br\/onde-encontrar-sua-vinilona\/"]}]},{"@type":"BreadcrumbList","@id":"https:\/\/agro.sansuy.com.br\/onde-encontrar-sua-vinilona\/#breadcrumb","itemListElement":[{"@type":"ListItem","position":1,"name":"In\u00edcio","item":"https:\/\/agro.sansuy.com.br\/"},{"@type":"ListItem","position":2,"name":"Onde encontrar sua Vinilona"}]},{"@type":"WebSite","@id":"https:\/\/agro.sansuy.com.br\/#website","url":"https:\/\/agro.sansuy.com.br\/","name":"Agro - Sansuy","description":"Pioneira em solu\u00e7\u00f5es inteligentes para o agroneg\u00f3cio","publisher":{"@id":"https:\/\/agro.sansuy.com.br\/#organization"},"potentialAction":[{"@type":"SearchAction","target":{"@type":"EntryPoint","urlTemplate":"https:\/\/agro.sansuy.com.br\/?s={search_term_string}"},"query-input":"required name=search_term_string"}],"inLanguage":"en-US"},{"@type":"Organization","@id":"https:\/\/agro.sansuy.com.br\/#organization","name":"Agro - Sansuy","url":"https:\/\/agro.sansuy.com.br\/","logo":{"@type":"ImageObject","inLanguage":"en-US","@id":"https:\/\/agro.sansuy.com.br\/#\/schema\/logo\/image\/","url":"https:\/\/agro.sansuy.com.br\/wp-content\/uploads\/2022\/02\/cropped-logo_sansuy_pequeno.jpg","contentUrl":"https:\/\/agro.sansuy.com.br\/wp-content\/uploads\/2022\/02\/cropped-logo_sansuy_pequeno.jpg","width":300,"height":46,"caption":"Agro - Sansuy"},"image":{"@id":"https:\/\/agro.sansuy.com.br\/#\/schema\/logo\/image\/"},"sameAs":["https:\/\/www.facebook.com\/agro.sansuy","https:\/\/x.com\/sansuy_oficial","https:\/\/www.instagram.com\/agro.sansuy\/","https:\/\/www.youtube.com\/channel\/UCzEnvGN-6M02PUG_qMjaRyg"]}]}},"_links":{"self":[{"href":"https:\/\/agro.sansuy.com.br\/en\/wp-json\/wp\/v2\/pages\/8917","targetHints":{"allow":["GET"]}}],"collection":[{"href":"https:\/\/agro.sansuy.com.br\/en\/wp-json\/wp\/v2\/pages"}],"about":[{"href":"https:\/\/agro.sansuy.com.br\/en\/wp-json\/wp\/v2\/types\/page"}],"author":[{"embeddable":true,"href":"https:\/\/agro.sansuy.com.br\/en\/wp-json\/wp\/v2\/users\/6"}],"replies":[{"embeddable":true,"href":"https:\/\/agro.sansuy.com.br\/en\/wp-json\/wp\/v2\/comments?post=8917"}],"version-history":[{"count":14,"href":"https:\/\/agro.sansuy.com.br\/en\/wp-json\/wp\/v2\/pages\/8917\/revisions"}],"predecessor-version":[{"id":9187,"href":"https:\/\/agro.sansuy.com.br\/en\/wp-json\/wp\/v2\/pages\/8917\/revisions\/9187"}],"wp:attachment":[{"href":"https:\/\/agro.sansuy.com.br\/en\/wp-json\/wp\/v2\/media?parent=8917"}],"curies":[{"name":"wp","href":"https:\/\/api.w.org\/{rel}","templated":true}]}}